{"id":102,"date":"2009-11-01T12:24:57","date_gmt":"2009-11-01T11:24:57","guid":{"rendered":"http:\/\/www.dannratemal.de\/?page_id=102"},"modified":"2009-11-04T15:23:19","modified_gmt":"2009-11-04T14:23:19","slug":"links","status":"publish","type":"page","link":"https:\/\/www.dannratemal.de\/?page_id=102","title":{"rendered":"Links"},"content":{"rendered":"<p><span style=\"color: #000000;\">Hinweis:<br \/>\nWir sind nicht f\u00fcr den Inhalt externer Links verantwortlich. Mit Urteil vom 12. Mai 1998 hat das Landgericht Hamburg entschieden, dass man durch die Ausbringung eines Links die Inhalte der gelinkten Seite ggf. mit zu verantworten hat. Dies kann, so das LG, nur dadurch verhindert werden, dass man sich ausdr\u00fccklich von diesen Inhalten distanziert. F\u00fcr alle Links von meiner Seite auf andere Seiten im Internet gilt: F\u00fcr alle Links auf dieser Seite gilt: &#8220; Wir m\u00f6chten ausdr\u00fccklich betonen, dass wir keinerlei Einflu\u00df auf die Gestaltung und Inhalte der gelinkten Internetseiten haben. F\u00fcr den Inhalt dieser Seiten sind die jeweiligen Betreiber bzw. Verfasser selbst verantwortlich und haftbar. Deshalb distanzieren wir uns hiermit ausdr\u00fccklich von allen Inhalten aller gelinkten Internetseiten auf unserer gesamten Homepage incl. aller Unterseiten und deren Unterlinks oder andere Weiterleitungsmechanismen. Von etwaigen illegalen, pers\u00f6nlichkeitsverletzenden, moralisch-ethisch oder in sonstiger Weise anst\u00f6\u00dfigen Inhalten distanzieren wir uns hiermit ausdr\u00fccklich. <\/span><\/p>\n","protected":false},"excerpt":{"rendered":"<p>Hinweis: Wir sind nicht f\u00fcr den Inhalt externer Links verantwortlich. Mit Urteil vom 12. Mai 1998 hat das Landgericht Hamburg entschieden, dass man durch die Ausbringung eines Links die Inhalte der gelinkten Seite ggf. mit zu verantworten hat. Dies kann, so das LG, nur dadurch verhindert werden, dass man sich ausdr\u00fccklich von diesen Inhalten distanziert. [&hellip;]<\/p>\n","protected":false},"author":1,"featured_media":0,"parent":0,"menu_order":0,"comment_status":"open","ping_status":"open","template":"","meta":{"two_page_speed":[],"footnotes":""},"class_list":["post-102","page","type-page","status-publish","hentry"],"_links":{"self":[{"href":"https:\/\/www.dannratemal.de\/index.php?rest_route=\/wp\/v2\/pages\/102","targetHints":{"allow":["GET"]}}],"collection":[{"href":"https:\/\/www.dannratemal.de\/index.php?rest_route=\/wp\/v2\/pages"}],"about":[{"href":"https:\/\/www.dannratemal.de\/index.php?rest_route=\/wp\/v2\/types\/page"}],"author":[{"embeddable":true,"href":"https:\/\/www.dannratemal.de\/index.php?rest_route=\/wp\/v2\/users\/1"}],"replies":[{"embeddable":true,"href":"https:\/\/www.dannratemal.de\/index.php?rest_route=%2Fwp%2Fv2%2Fcomments&post=102"}],"version-history":[{"count":5,"href":"https:\/\/www.dannratemal.de\/index.php?rest_route=\/wp\/v2\/pages\/102\/revisions"}],"predecessor-version":[{"id":132,"href":"https:\/\/www.dannratemal.de\/index.php?rest_route=\/wp\/v2\/pages\/102\/revisions\/132"}],"wp:attachment":[{"href":"https:\/\/www.dannratemal.de\/index.php?rest_route=%2Fwp%2Fv2%2Fmedia&parent=102"}],"curies":[{"name":"wp","href":"https:\/\/api.w.org\/{rel}","templated":true}]}}